{"id":306,"date":"2012-01-12T15:29:55","date_gmt":"2012-01-12T14:29:55","guid":{"rendered":"http:\/\/www.sandraewers.eu\/?page_id=306"},"modified":"2016-02-16T20:56:00","modified_gmt":"2016-02-16T19:56:00","slug":"306-2","status":"publish","type":"page","link":"https:\/\/www.sandraewers.eu\/?page_id=306","title":{"rendered":""},"content":{"rendered":"<h3><span style=\"color: #b21728;\">Impressum<\/span><\/h3>\n<p><span style=\"color: #222222;\">Sandra Ewers<\/span><br \/>\n<span style=\"color: #222222;\">Choriner Str. 6\u00a0\u00b7 \u00a010119 Berlin<\/span><br \/>\n<span style=\"color: #222222;\">+49\/ (0)30\/ 4486477 \u00a0\u00b7 \u00a0+49\/ (0)170\/ 5339929<\/span><br \/>\n<span style=\"color: #b21728;\">mail@sandraewers.eu<\/span><\/p>\n<p><span style=\"color: #222222;\">Inhaltlich verantwortlich gem\u00e4\u00df \u00a7 10 Absatz 3 MDStV: Sandra Ewers<\/span><\/p>\n<p><span style=\"color: #222222;\">Internet: www.sandraewers.eu<\/span><\/p>\n<p>&nbsp;<\/p>\n<h3><span style=\"color: #b21728;\">Rechtlicher Hinweis\u2028<\/span><\/h3>\n<p><span style=\"color: #222222;\">Trotz sorgf\u00e4ltiger Kontrolle k\u00f6nnen die Informationen auf diesen Internetseiten Ungenauigkeiten oder Fehler enthalten. Der Anbieter beh\u00e4lt sich daher vor, diese jederzeit und ohne vorherige Ank\u00fcndigung zu \u00e4ndern.<\/span><\/p>\n<p><span class=\"Apple-style-span\" style=\"color: #222222;\">Die auf dieser Webseite ver\u00f6ffentlichten Inhalte sind urheberrechtlich gesch\u00fctzt. Jede weitere Ver\u00f6ffentlichung, Vervielf\u00e4ltigung, Verbreitung oder sonstige Nutzung bedarf einer schriftlichen Genehmigung des Anbieters oder Rechteinhabers.<\/span><\/p>\n<p><span style=\"color: #222222;\">Der Anbieter \u00fcbernimmt keine Haftung f\u00fcr die Inhalte externer Links. F\u00fcr den Inhalt der verlinkten Seiten sind ausschlie\u00dflich deren Betreiber verantwortlich.<\/span><\/p>\n<p><span style=\"color: #222222;\">Die Nutzung dieser Webseite und der verlinkten Seiten erfolgt auf eigenes Risiko des Nutzers.<\/span><\/p>\n","protected":false},"excerpt":{"rendered":"<p>Impressum Sandra Ewers Choriner Str. 6\u00a0\u00b7 \u00a010119 Berlin +49\/ (0)30\/ 4486477 \u00a0\u00b7 \u00a0+49\/ (0)170\/ 5339929 mail@sandraewers.eu Inhaltlich verantwortlich gem\u00e4\u00df \u00a7 10 Absatz 3 MDStV: Sandra Ewers Internet: www.sandraewers.eu &nbsp; Rechtlicher Hinweis\u2028 Trotz sorgf\u00e4ltiger Kontrolle k\u00f6nnen die Informationen auf diesen Internetseiten&hellip;<\/p>\n<p class=\"more-link-p\"><a class=\"more-link\" href=\"https:\/\/www.sandraewers.eu\/?page_id=306\">Read more &rarr;<\/a><\/p>\n","protected":false},"author":1,"featured_media":0,"parent":0,"menu_order":0,"comment_status":"closed","ping_status":"closed","template":"","meta":{"footnotes":""},"class_list":["post-306","page","type-page","status-publish","hentry"],"_links":{"self":[{"href":"https:\/\/www.sandraewers.eu\/index.php?rest_route=\/wp\/v2\/pages\/306","targetHints":{"allow":["GET"]}}],"collection":[{"href":"https:\/\/www.sandraewers.eu\/index.php?rest_route=\/wp\/v2\/pages"}],"about":[{"href":"https:\/\/www.sandraewers.eu\/index.php?rest_route=\/wp\/v2\/types\/page"}],"author":[{"embeddable":true,"href":"https:\/\/www.sandraewers.eu\/index.php?rest_route=\/wp\/v2\/users\/1"}],"replies":[{"embeddable":true,"href":"https:\/\/www.sandraewers.eu\/index.php?rest_route=%2Fwp%2Fv2%2Fcomments&post=306"}],"version-history":[{"count":16,"href":"https:\/\/www.sandraewers.eu\/index.php?rest_route=\/wp\/v2\/pages\/306\/revisions"}],"predecessor-version":[{"id":800,"href":"https:\/\/www.sandraewers.eu\/index.php?rest_route=\/wp\/v2\/pages\/306\/revisions\/800"}],"wp:attachment":[{"href":"https:\/\/www.sandraewers.eu\/index.php?rest_route=%2Fwp%2Fv2%2Fmedia&parent=306"}],"curies":[{"name":"wp","href":"https:\/\/api.w.org\/{rel}","templated":true}]}}